{"id":21,"date":"2022-10-19T16:17:24","date_gmt":"2022-10-19T14:17:24","guid":{"rendered":"https:\/\/observatoire-airbnb.fr\/?page_id=21"},"modified":"2022-10-26T11:48:13","modified_gmt":"2022-10-26T09:48:13","slug":"page-daccueil","status":"publish","type":"page","link":"https:\/\/observatoire-airbnb.fr\/","title":{"rendered":"Page d&#8217;accueil"},"content":{"rendered":"\n<div class=\"wp-block-group alignwide\"><div class=\"wp-block-group__inner-container is-layout-flow wp-block-group-is-layout-flow\">\n<h2 class=\"alignwide has-text-align-center wp-block-heading\">L&#8217;Observatoire Airbnb<\/h2>\n\n\n\n<h4 class=\"alignwide has-text-align-center wp-block-heading\">Outil ressource d\u00e9di\u00e9 aux donn\u00e9es fran\u00e7aises d&#8217;Airbnb<\/h4>\n<\/div><\/div>\n\n\n\n<div class=\"wp-block-columns alignwide is-layout-flex wp-container-core-columns-is-layout-9d6595d7 wp-block-columns-is-layout-flex\">\n<div class=\"wp-block-column is-layout-flow wp-block-column-is-layout-flow\">\n<div class=\"wp-block-group\"><div class=\"wp-block-group__inner-container is-layout-flow wp-block-group-is-layout-flow\">\n<figure class=\"wp-block-image alignfull size-full\"><img loading=\"lazy\" decoding=\"async\" width=\"701\" height=\"570\" src=\"http:\/\/observatoire-airbnb.fr\/wp-content\/uploads\/2022\/10\/Photo-Les-donnees-1-e1666258161456.png\" alt=\"\" class=\"wp-image-60\" srcset=\"https:\/\/observatoire-airbnb.fr\/wp-content\/uploads\/2022\/10\/Photo-Les-donnees-1-e1666258161456.png 701w, https:\/\/observatoire-airbnb.fr\/wp-content\/uploads\/2022\/10\/Photo-Les-donnees-1-e1666258161456-300x244.png 300w\" sizes=\"auto, (max-width: 701px) 100vw, 701px\" \/><\/figure>\n\n\n\n<h3 class=\"wp-block-heading\">Les donn\u00e9es<\/h3>\n\n\n\n<p><\/p>\n\n\n\n<div class=\"wp-block-button is-style-outline is-style-outline--1\"><a class=\"wp-block-button__link\" href=\"https:\/\/make.wordpress.org\/core\/2019\/09\/27\/block-editor-theme-related-updates-in-wordpress-5-3\/\">Lire la suite<\/a><\/div>\n<\/div><\/div>\n\n\n\n<div class=\"wp-block-group\"><div class=\"wp-block-group__inner-container is-layout-flow wp-block-group-is-layout-flow\">\n<figure class=\"wp-block-image alignfull size-full\"><img loading=\"lazy\" decoding=\"async\" width=\"701\" height=\"570\" src=\"http:\/\/observatoire-airbnb.fr\/wp-content\/uploads\/2022\/10\/Photo-Les-donnees.png\" alt=\"\" class=\"wp-image-55\" srcset=\"https:\/\/observatoire-airbnb.fr\/wp-content\/uploads\/2022\/10\/Photo-Les-donnees.png 701w, https:\/\/observatoire-airbnb.fr\/wp-content\/uploads\/2022\/10\/Photo-Les-donnees-300x244.png 300w\" sizes=\"auto, (max-width: 701px) 100vw, 701px\" \/><\/figure>\n\n\n\n<h3 class=\"wp-block-heading\">Nos dossiers<\/h3>\n\n\n\n<p><\/p>\n\n\n\n<div class=\"wp-block-button is-style-outline is-style-outline--2\"><a class=\"wp-block-button__link\" href=\"http:\/\/observatoire-airbnb.fr\/index.php\/page-daccueil\/nos-dossiers\/\">Lire la suite<\/a><\/div>\n<\/div><\/div>\n<\/div>\n\n\n\n<div class=\"wp-block-column is-layout-flow wp-block-column-is-layout-flow\">\n<div class=\"wp-block-group\"><div class=\"wp-block-group__inner-container is-layout-flow wp-block-group-is-layout-flow\">\n<figure class=\"wp-block-image alignfull size-full\"><img decoding=\"async\" src=\"http:\/\/observatoire-airbnb.fr\/wp-content\/uploads\/2022\/10\/Photo-La-presse-en-parle.png\" alt=\"\" class=\"wp-image-57\"\/><\/figure>\n\n\n\n<h3 class=\"wp-block-heading\">La presse en parle<\/h3>\n\n\n\n<p><\/p>\n\n\n\n<div class=\"wp-block-button is-style-outline is-style-outline--3\"><a class=\"wp-block-button__link\" href=\"http:\/\/observatoire-airbnb.fr\/index.php\/page-daccueil\/la-presse-en-parle\/\">Lire la suite<\/a><\/div>\n<\/div><\/div>\n\n\n\n<div class=\"wp-block-group\"><div class=\"wp-block-group__inner-container is-layout-flow wp-block-group-is-layout-flow\">\n<p><\/p>\n<\/div><\/div>\n<\/div>\n<\/div>\n\n\n\n<figure class=\"wp-block-image alignfull size-full\"><img decoding=\"async\" src=\"https:\/\/observatoire-airbnb.fr\/wp-content\/themes\/twentytwenty\/assets\/images\/2020-landscape-2.png\" alt=\"\" class=\"wp-image-37\"\/><\/figure>\n\n\n\n<p class=\"has-drop-cap\"><\/p>\n\n\n\n<p><\/p>\n\n\n\n<div class=\"wp-block-group alignwide has-background\" style=\"background-color:#ffffff\"><div class=\"wp-block-group__inner-container is-layout-flow wp-block-group-is-layout-flow\">\n<div class=\"wp-block-group\"><div class=\"wp-block-group__inner-container is-layout-flow wp-block-group-is-layout-flow\">\n<h2 class=\"has-text-align-center wp-block-heading\">Devenez membre et obtenez des offres exclusives&nbsp;!<\/h2>\n\n\n\n<p class=\"has-text-align-center\">Les adh\u00e9rent\u00b7es ont acc\u00e8s \u00e0 des expositions et des ventes exclusives. Notre abonnement co\u00fbtent $99.99 et est factur\u00e9 annuellement.<\/p>\n\n\n\n<div class=\"wp-block-button aligncenter\"><a class=\"wp-block-button__link\" href=\"https:\/\/make.wordpress.org\/core\/2019\/09\/27\/block-editor-theme-related-updates-in-wordpress-5-3\/\">Rejoignez le club<\/a><\/div>\n<\/div><\/div>\n<\/div><\/div>\n\n\n\n<figure class=\"wp-block-gallery alignwide has-nested-images columns-default is-cropped wp-block-gallery-4 is-layout-flex wp-block-gallery-is-layout-flex\">\n<figure class=\"wp-block-image size-large\"><img decoding=\"async\" data-id=\"39\" src=\"https:\/\/observatoire-airbnb.fr\/wp-content\/themes\/twentytwenty\/assets\/images\/2020-square-2.png\" alt=\"\" class=\"wp-image-39\"\/><\/figure>\n\n\n\n<figure class=\"wp-block-image size-large\"><img decoding=\"async\" data-id=\"38\" src=\"https:\/\/observatoire-airbnb.fr\/wp-content\/themes\/twentytwenty\/assets\/images\/2020-square-1.png\" alt=\"\" class=\"wp-image-38\"\/><\/figure>\n<\/figure>\n","protected":false},"excerpt":{"rendered":"<p>L&#8217;Observatoire Airbnb Outil ressource d\u00e9di\u00e9 aux donn\u00e9es fran\u00e7aises d&#8217;Airbnb Les donn\u00e9es Nos dossiers La presse en parle Devenez membre et obtenez des offres exclusives&nbsp;! Les adh\u00e9rent\u00b7es ont acc\u00e8s \u00e0 des expositions et des ventes exclusives. Notre abonnement co\u00fbtent $99.99 et est factur\u00e9 annuellement.<\/p>\n","protected":false},"author":1,"featured_media":52,"parent":0,"menu_order":0,"comment_status":"closed","ping_status":"closed","template":"templates\/template-cover.php","meta":{"footnotes":""},"class_list":["post-21","page","type-page","status-publish","has-post-thumbnail","hentry"],"_links":{"self":[{"href":"https:\/\/observatoire-airbnb.fr\/index.php\/wp-json\/wp\/v2\/pages\/21","targetHints":{"allow":["GET"]}}],"collection":[{"href":"https:\/\/observatoire-airbnb.fr\/index.php\/wp-json\/wp\/v2\/pages"}],"about":[{"href":"https:\/\/observatoire-airbnb.fr\/index.php\/wp-json\/wp\/v2\/types\/page"}],"author":[{"embeddable":true,"href":"https:\/\/observatoire-airbnb.fr\/index.php\/wp-json\/wp\/v2\/users\/1"}],"replies":[{"embeddable":true,"href":"https:\/\/observatoire-airbnb.fr\/index.php\/wp-json\/wp\/v2\/comments?post=21"}],"version-history":[{"count":10,"href":"https:\/\/observatoire-airbnb.fr\/index.php\/wp-json\/wp\/v2\/pages\/21\/revisions"}],"predecessor-version":[{"id":94,"href":"https:\/\/observatoire-airbnb.fr\/index.php\/wp-json\/wp\/v2\/pages\/21\/revisions\/94"}],"wp:featuredmedia":[{"embeddable":true,"href":"https:\/\/observatoire-airbnb.fr\/index.php\/wp-json\/wp\/v2\/media\/52"}],"wp:attachment":[{"href":"https:\/\/observatoire-airbnb.fr\/index.php\/wp-json\/wp\/v2\/media?parent=21"}],"curies":[{"name":"wp","href":"https:\/\/api.w.org\/{rel}","templated":true}]}}