{"id":16,"date":"2022-10-19T16:17:24","date_gmt":"2022-10-19T14:17:24","guid":{"rendered":"https:\/\/observatoire-airbnb.fr\/?page_id=16"},"modified":"2025-05-04T16:48:57","modified_gmt":"2025-05-04T14:48:57","slug":"a-propos-de","status":"publish","type":"page","link":"https:\/\/observatoire-airbnb.fr\/index.php\/a-propos-de\/","title":{"rendered":"\u00c0 propos de"},"content":{"rendered":"\n<p>\u00c0 l&#8217;origine, Airbnb est une chouette id\u00e9e. Vous partez pour le week-end ou vous prenez des vacances et vous proposez \u00e0 la location votre logement inoccup\u00e9 pendant ces p\u00e9riodes. Le montant du loyer vous permet de financer en partie votre propre s\u00e9jour et vous permettez \u00e0 un touriste de vivre \u00e0 l&#8217;heure locale.<\/p>\n\n\n\n<p>Le probl\u00e8me est qu&#8217;aujourd&#8217;hui, Airbnb ce n&#8217;est plus \u00e7a. On y trouve d\u00e9sormais des logements qui pour la plupart sont exclusivement d\u00e9di\u00e9s \u00e0 la location saisonni\u00e8re. L&#8217;\u00e9tude de ce ph\u00e9nom\u00e8ne d&#8217;airbnbisation est devenue un enjeu majeur.<\/p>\n\n\n\n<p>Airbnb refuse de publier le nombre exhaustif de logements disponibles sur sa plateforme. La soci\u00e9t\u00e9 am\u00e9ricaine a m\u00eame mis en place des m\u00e9canismes emp\u00eachant la capture de ses donn\u00e9es. Ces \u00e9l\u00e9ments sont pourtant essentiels pour mesurer le r\u00f4le d&#8217;Airbnb dans le bouleversement des march\u00e9s immobilier et locatif locaux. Par ailleurs, sans ces donn\u00e9es, il est impossible de mesurer l&#8217;\u00e9volution du parc immobilier propos\u00e9 \u00e0 la location saisonni\u00e8re.<\/p>\n\n\n\n<p>Tom Slee, \u00ab hacktiviste \u00bb canadien, a \u00e9t\u00e9 un des premiers \u00e0 \u00abcontourner \u00bb les blocages de la plateforme et parvient, gr\u00e2ce \u00e0 son ing\u00e9nieux logiciel, \u00e0 collecter l&#8217;ensemble de l&#8217;offre Airbnb sur un territoire d\u00e9termin\u00e9. La r\u00e9cup\u00e9ration de ces donn\u00e9es n\u00e9cessite n\u00e9anmoins des ressources et du temps. En 2016, nous l&#8217;avions contact\u00e9 et il a accept\u00e9 de lancer son outil de collecte pour nous. Gr\u00e2ce aux donn\u00e9es obtenues, nous avions pu r\u00e9aliser une premi\u00e8re \u00e9tude sur le ph\u00e9nom\u00e8ne Airbnb \u00e0 Bordeaux.<\/p>\n\n\n\n<p>Apr\u00e8s la publication de notre \u00e9tude en avril 2016, il nous est apparu important de pouvoir cr\u00e9er un observatoire national capable d&#8217;\u00e9tudier le ph\u00e9nom\u00e8ne Airbnb sur l&#8217;ensemble du territoire national. Il \u00e9tait toutefois impossible \u00e0 Tom Slee de consacrer de mani\u00e8re p\u00e9renne une partie de ses ressources \u00e0 la collecte de donn\u00e9es concernant la France.<\/p>\n\n\n\n<p>Nous avons donc d\u00e9cid\u00e9 de cr\u00e9er un tel outil d\u00e9di\u00e9 aux donn\u00e9es fran\u00e7aises. Apr\u00e8s plusieurs mois de d\u00e9veloppement, ce logiciel a commenc\u00e9 son travail de r\u00e9cup\u00e9ration de donn\u00e9es en octobre 2016. Les donn\u00e9es sont mises en ligne gratuitement sur le site de l&#8217;Observatoire Airbnb cr\u00e9\u00e9 \u00e0 la m\u00eame p\u00e9riode. De nombreuses demandes de nouvelles donn\u00e9es nous parviennent chaque semaine provenant des institutions et acteurs du tourisme mais aussi des chercheurs.<\/p>\n\n\n\n<p>Matthieu ROUVEYRE, Fondateur de l&#8217;Observatoire Airbnb, <a href=\"http:\/\/www.sinecera-avocat.fr\">avocat en droit public<\/a><\/p>\n\n\n\n<p>Pour en savoir + <a href=\"https:\/\/matthieu-rouveyre.fr\/portfolio\/observatoire-airbnb\/\">Observatoire Airbnb &#8211; Matthieu Rouveyre (matthieu-rouveyre.fr)<\/a><\/p>\n","protected":false},"excerpt":{"rendered":"<p>\u00c0 l&#8217;origine, Airbnb est une chouette id\u00e9e. Vous partez pour le week-end ou vous prenez des vacances et vous proposez \u00e0 la location votre logement inoccup\u00e9 pendant ces p\u00e9riodes. Le montant du loyer vous permet de financer en partie votre propre s\u00e9jour et vous permettez \u00e0 un touriste de vivre \u00e0 l&#8217;heure locale. Le probl\u00e8me [&hellip;]<\/p>\n","protected":false},"author":1,"featured_media":0,"parent":0,"menu_order":0,"comment_status":"closed","ping_status":"closed","template":"","meta":{"footnotes":""},"class_list":["post-16","page","type-page","status-publish","hentry"],"_links":{"self":[{"href":"https:\/\/observatoire-airbnb.fr\/index.php\/wp-json\/wp\/v2\/pages\/16","targetHints":{"allow":["GET"]}}],"collection":[{"href":"https:\/\/observatoire-airbnb.fr\/index.php\/wp-json\/wp\/v2\/pages"}],"about":[{"href":"https:\/\/observatoire-airbnb.fr\/index.php\/wp-json\/wp\/v2\/types\/page"}],"author":[{"embeddable":true,"href":"https:\/\/observatoire-airbnb.fr\/index.php\/wp-json\/wp\/v2\/users\/1"}],"replies":[{"embeddable":true,"href":"https:\/\/observatoire-airbnb.fr\/index.php\/wp-json\/wp\/v2\/comments?post=16"}],"version-history":[{"count":3,"href":"https:\/\/observatoire-airbnb.fr\/index.php\/wp-json\/wp\/v2\/pages\/16\/revisions"}],"predecessor-version":[{"id":104,"href":"https:\/\/observatoire-airbnb.fr\/index.php\/wp-json\/wp\/v2\/pages\/16\/revisions\/104"}],"wp:attachment":[{"href":"https:\/\/observatoire-airbnb.fr\/index.php\/wp-json\/wp\/v2\/media?parent=16"}],"curies":[{"name":"wp","href":"https:\/\/api.w.org\/{rel}","templated":true}]}}